{"id":1077,"date":"2019-07-03T11:22:45","date_gmt":"2019-07-03T11:22:45","guid":{"rendered":"http:\/\/www.alfred-tretner.de\/?page_id=1077"},"modified":"2022-12-15T11:53:48","modified_gmt":"2022-12-15T11:53:48","slug":"datenschutz","status":"publish","type":"page","link":"https:\/\/www.alfred-tretner.de\/?page_id=1077","title":{"rendered":"DATENSCHUTZ"},"content":{"rendered":"\n<h4>Grundlegendes<\/h4>\n\n\n\n<p>Diese Datenschutzerkl\u00e4rung soll die Nutzer dieser Website \u00fcber die Art, den Umfang und den Zweck der Erhebung und Verwendung personenbezogener Daten durch den Websitebetreiber Alfred und Christine Tretner informieren.<\/p>\n\n\n\n<p>Der Websitebetreiber nimmt Ihren Datenschutz\nsehr ernst und behandelt Ihre personenbezogenen Daten vertraulich und\nentsprechend der gesetzlichen Vorschriften. Da durch neue Technologien und die\nst\u00e4ndige Weiterentwicklung dieser Webseite \u00c4nderungen an dieser\nDatenschutzerkl\u00e4rung vorgenommen werden k\u00f6nnen, empfehlen wir Ihnen sich die\nDatenschutzerkl\u00e4rung in regelm\u00e4\u00dfigen Abst\u00e4nden wieder durchzulesen.<\/p>\n\n\n\n<p>Definitionen der verwendeten Begriffe (z.B.\n\u201cpersonenbezogene Daten\u201d oder \u201cVerarbeitung\u201d) finden Sie in Art. 4 DSGVO.<\/p>\n\n\n\n<h4>Zugriffsdaten<\/h4>\n\n\n\n<p>Wir, der Websitebetreiber bzw. Seitenprovider,\nerheben aufgrund unseres berechtigten Interesses (s. Art. 6 Abs. 1 lit. f.\nDSGVO) Daten \u00fcber Zugriffe auf die Website und speichern diese als\n\u201eServer-Logfiles\u201c auf dem Server der Website ab. Folgende Daten werden so\nprotokolliert:<\/p>\n\n\n\n<ul>\n<li>Besuchte\nWebsite<\/li>\n\n\n\n<li>Uhrzeit\nzum Zeitpunkt des Zugriffes<\/li>\n\n\n\n<li>Menge\nder gesendeten Daten in Byte<\/li>\n\n\n\n<li>Quelle\/Verweis,\nvon welchem Sie auf die Seite gelangten<\/li>\n\n\n\n<li>Verwendeter\nBrowser<\/li>\n\n\n\n<li>Verwendetes\nBetriebssystem<\/li>\n\n\n\n<li>Verwendete\nIP-Adresse<\/li>\n<\/ul>\n\n\n\n<p>Die Server-Logfiles werden f\u00fcr maximal 7 Tage\ngespeichert und anschlie\u00dfend gel\u00f6scht. Die Speicherung der Daten erfolgt aus\nSicherheitsgr\u00fcnden, um z. B. Missbrauchsf\u00e4lle aufkl\u00e4ren zu k\u00f6nnen. M\u00fcssen Daten\naus Beweisgr\u00fcnden aufgehoben werden, sind sie solange von der L\u00f6schung\nausgenommen bis der Vorfall endg\u00fcltig gekl\u00e4rt ist.<\/p>\n\n\n\n<h4>Reichweitenmessung\n&amp; Cookies<\/h4>\n\n\n\n<p>Diese Website verwendet Cookies zur\npseudonymisierten Reichweitenmessung, die entweder von unserem Server oder dem\nServer Dritter an den Browser des Nutzers \u00fcbertragen werden. Bei Cookies\nhandelt es sich um kleine Dateien, welche auf Ihrem Endger\u00e4t gespeichert\nwerden. Ihr Browser greift auf diese Dateien zu. Durch den Einsatz von Cookies\nerh\u00f6ht sich die Benutzerfreundlichkeit und Sicherheit dieser Website.<\/p>\n\n\n\n<p>Falls Sie nicht m\u00f6chten, dass Cookies zur\nReichweitenmessung auf Ihrem Endger\u00e4t gespeichert werden, k\u00f6nnen Sie dem\nEinsatz dieser Dateien hier widersprechen:<\/p>\n\n\n\n<ul>\n<li>Cookie-Deaktivierungsseite\nder Netzwerkwerbeinitiative: <a href=\"http:\/\/optout.networkadvertising.org\/?c=1#!\/\">http:\/\/optout.networkadvertising.org\/?c=1#!\/<\/a><\/li>\n\n\n\n<li>Cookie-Deaktivierungsseite\nder US-amerikanischen Website: <a href=\"http:\/\/optout.aboutads.info\/?c=2#!\/\">http:\/\/optout.aboutads.info\/?c=2#!\/<\/a><\/li>\n\n\n\n<li>Cookie-Deaktivierungsseite\nder europ\u00e4ischen Website: <a href=\"http:\/\/optout.networkadvertising.org\/?c=1#!\/\">http:\/\/optout.networkadvertising.org\/?c=1#!\/<\/a><\/li>\n<\/ul>\n\n\n\n<p>G\u00e4ngige Browser bieten die Einstellungsoption,\nCookies nicht zuzulassen. Hinweis: Es ist nicht gew\u00e4hrleistet, dass Sie auf\nalle Funktionen dieser Website ohne Einschr\u00e4nkungen zugreifen k\u00f6nnen, wenn Sie\nentsprechende Einstellungen vornehmen.<\/p>\n\n\n\n<p>Erfassung und Verarbeitung personenbezogener\nDaten<\/p>\n\n\n\n<p>Der Websitebetreiber erhebt, nutzt und gibt\nIhre personenbezogenen Daten nur dann weiter, wenn dies im gesetzlichen Rahmen\nerlaubt ist oder Sie in die Datenerhebung einwilligen.<\/p>\n\n\n\n<p>Als personenbezogene Daten gelten s\u00e4mtliche\nInformationen, welche dazu dienen, Ihre Person zu bestimmen und welche zu Ihnen\nzur\u00fcckverfolgt werden k\u00f6nnen \u2013 also beispielsweise Ihr Name, Ihre\nE-Mail-Adresse und Telefonnummer.<\/p>\n\n\n\n<p>Diese Website k\u00f6nnen Sie auch besuchen, ohne\nAngaben zu Ihrer Person zu machen. Zur Verbesserung unseres Online-Angebotes\nspeichern wir jedoch (ohne Personenbezug) Ihre Zugriffsdaten auf diese Website.\nZu diesen Zugriffsdaten geh\u00f6ren z. B. die von Ihnen angeforderte Datei oder der\nName Ihres Internet-Providers. Durch die Anonymisierung der Daten sind\nR\u00fcckschl\u00fcsse auf Ihre Person nicht m\u00f6glich. <\/p>\n\n\n\n<p><strong>Umgang mit Kontaktdaten<\/strong><\/p>\n\n\n\n<p>Nehmen Sie mit uns als Websitebetreiber durch\ndie angebotenen Kontaktm\u00f6glichkeiten Verbindung auf, werden Ihre Angaben\ngespeichert, damit auf diese zur Bearbeitung und Beantwortung Ihrer Anfrage\nzur\u00fcckgegriffen werden kann. Ohne Ihre Einwilligung werden diese Daten nicht an\nDritte weitergegeben.<\/p>\n\n\n\n<p><strong>Umgang mit Kommentaren und\nBeitr\u00e4gen<\/strong><\/p>\n\n\n\n<p>Hinterlassen Sie auf dieser Website einen\nBeitrag oder Kommentar, wird Ihre IP-Adresse gespeichert. Dies erfolgt aufgrund\nunserer berechtigten Interessen im Sinne des Art. 6 Abs. 1 lit. f. DSGVO und\ndient der Sicherheit von uns als Websitebetreiber: Denn sollte Ihr Kommentar\ngegen geltendes Recht versto\u00dfen, k\u00f6nnen wir daf\u00fcr belangt werden, weshalb wir ein\nInteresse an der Identit\u00e4t des Kommentar- bzw. Beitragsautors haben.<\/p>\n\n\n\n<p><strong>Google Analytics<\/strong><\/p>\n\n\n\n<p>Diese Website nutzt aufgrund unserer\nberechtigten Interessen zur Optimierung und Analyse unseres Online-Angebots im\nSinne des Art. 6 Abs. 1 lit. f. DSGVO den Dienst \u201eGoogle Analytics\u201c, welcher\nvon der Google Inc. (1600 Amphitheatre Parkway Mountain View, CA 94043, USA)\nangeboten wird. Der Dienst (Google Analytics) verwendet \u201eCookies\u201c \u2013\nTextdateien, welche auf Ihrem Endger\u00e4t gespeichert werden. Die durch die\nCookies gesammelten Informationen werden im Regelfall an einen Google-Server in\nden USA gesandt und dort gespeichert.<\/p>\n\n\n\n<p>Google LLC h\u00e4lt das europ\u00e4ische\nDatenschutzrecht ein und ist unter dem Privacy-Shield-Abkommen zertifiziert: <a href=\"https:\/\/www.privacyshield.gov\/participant?id=a2zt000000001L5AAI&amp;status=Active\">https:\/\/www.privacyshield.gov\/participant?id=a2zt000000001L5AAI&amp;status=Active<\/a><\/p>\n\n\n\n<p>Auf dieser Website greift die\nIP-Anonymisierung. Die IP-Adresse der Nutzer wird innerhalb der\nMitgliedsstaaten der EU und des Europ\u00e4ischen Wirtschaftsraum und in den anderen\nVertragsstaaten des Abkommens gek\u00fcrzt. Nur in Einzelf\u00e4llen wird die IP-Adresse\nzun\u00e4chst ungek\u00fcrzt in die USA an einen Server von Google \u00fcbertragen und dort\ngek\u00fcrzt. Durch diese K\u00fcrzung entf\u00e4llt der Personenbezug Ihrer IP-Adresse. Die\nvom Browser \u00fcbermittelte IP-Adresse des Nutzers wird nicht mit anderen von\nGoogle gespeicherten Daten kombiniert.<\/p>\n\n\n\n<p>Im Rahmen der Vereinbarung zur\nAuftragsdatenvereinbarung, welche wir als Websitebetreiber mit der Google Inc. geschlossen\nhaben, erstellt diese mithilfe der gesammelten Informationen eine Auswertung\nder Websitenutzung und der Websiteaktivit\u00e4t und erbringt mit der\nInternetnutzung verbundene Dienstleistungen.<\/p>\n\n\n\n<p>Die von Google in unserem Auftrag erhobenen\nDaten werden genutzt, um die Nutzung unseres Online-Angebots durch die\neinzelnen Nutzer auswerten zu k\u00f6nnen, z. B. um Reports \u00fcber die Aktivit\u00e4t auf\nder Website zu erstellen, um unser Online-Angebot zu verbessern.<\/p>\n\n\n\n<p>Sie haben die M\u00f6glichkeit, die Speicherung der\nCookies auf Ihrem Ger\u00e4t zu verhindern, indem Sie in Ihrem Browser entsprechende\nEinstellungen vornehmen. Es ist nicht gew\u00e4hrleistet, dass Sie auf alle\nFunktionen dieser Website ohne Einschr\u00e4nkungen zugreifen k\u00f6nnen, wenn Ihr\nBrowser keine Cookies zul\u00e4sst.<\/p>\n\n\n\n<p>Weiterhin k\u00f6nnen Sie durch ein Browser-Plugin\nverhindern, dass die durch Cookies gesammelten Informationen (inklusive Ihrer\nIP-Adresse) an die Google Inc. gesendet und von der Google Inc. genutzt werden.\nFolgender Link f\u00fchrt Sie zu dem entsprechenden Plugin: <a href=\"https:\/\/tools.google.com\/dlpage\/gaoptout?hl=de\">https:\/\/tools.google.com\/dlpage\/gaoptout?hl=de<\/a><\/p>\n\n\n\n<p>Alternativ verhindern Sie mit einem Klick auf\ndiesen Link (WICHTIG: Opt-Out-Link einf\u00fcgen), dass Google Analytics innerhalb\ndieser Website Daten \u00fcber Sie erfasst. Mit dem Klick auf obigen Link laden Sie\nein \u201eOpt-Out-Cookie\u201c herunter. Ihr Browser muss die Speicherung von Cookies\nalso hierzu grunds\u00e4tzlich erlauben. L\u00f6schen Sie Ihre Cookies regelm\u00e4\u00dfig, ist\nein erneuter Klick auf den Link bei jedem Besuch dieser Website vonn\u00f6ten.<\/p>\n\n\n\n<p>Hier finden Sie weitere Informationen zur\nDatennutzung durch die Google Inc.: <\/p>\n\n\n\n<ul>\n<li><a href=\"https:\/\/policies.google.com\/privacy\/partners?hl=de\">https:\/\/policies.google.com\/privacy\/partners?hl=de<\/a> (Daten, die von\nGoogle-Partnern erhoben werden)<\/li>\n\n\n\n<li><a href=\"https:\/\/adssettings.google.de\/authenticated\">https:\/\/adssettings.google.de\/authenticated<\/a> (Einstellungen \u00fcber\nWerbung, die Ihnen angezeigt wird)<\/li>\n\n\n\n<li><a href=\"https:\/\/policies.google.com\/technologies\/ads?hl=de\">https:\/\/policies.google.com\/technologies\/ads?hl=de<\/a> (Verwendung von\nCookies in Anzeigen)<\/li>\n<\/ul>\n\n\n\n<p><strong>Rechte des Nutzers<\/strong><\/p>\n\n\n\n<p>Sie haben als Nutzer das Recht, auf Antrag eine\nkostenlose Auskunft dar\u00fcber zu erhalten, welche personenbezogenen Daten \u00fcber\nSie gespeichert wurden. Sie haben au\u00dferdem das Recht auf Berichtigung falscher\nDaten und auf die Verarbeitungseinschr\u00e4nkung oder L\u00f6schung Ihrer\npersonenbezogenen Daten. Falls zutreffend, k\u00f6nnen Sie auch Ihr Recht auf\nDatenportabilit\u00e4t geltend machen. Sollten Sie annehmen, dass Ihre Daten\nunrechtm\u00e4\u00dfig verarbeitet wurden, k\u00f6nnen Sie eine Beschwerde bei der zust\u00e4ndigen\nAufsichtsbeh\u00f6rde einreichen.<\/p>\n\n\n\n<p><strong>L\u00f6schung\nvon Daten<\/strong><\/p>\n\n\n\n<p>Sofern Ihr Wunsch nicht mit einer gesetzlichen Pflicht zur Aufbewahrung von Daten (z. B. Vorratsdatenspeicherung) kollidiert, haben Sie ein Anrecht auf L\u00f6schung Ihrer Daten. Von uns gespeicherte Daten werden, sollten sie f\u00fcr ihre Zweckbestimmung nicht mehr vonn\u00f6ten sein und es keine gesetzlichen Aufbewahrungsfristen geben, gel\u00f6scht. Falls eine L\u00f6schung nicht durchgef\u00fchrt werden kann, da die Daten f\u00fcr zul\u00e4ssige gesetzliche Zwecke erforderlich sind, erfolgt eine Einschr\u00e4nkung der Datenverarbeitung. In diesem Fall werden die Daten gesperrt und nicht f\u00fcr andere Zwecke verarbeitet.<\/p>\n\n\n\n<p><strong>SSL- bzw. TLS-Verschl\u00fcsselung<\/strong><\/p>\n\n\n\n<p>Diese Seite nutzt aus Sicherheitsgr\u00fcnden und zum Schutz der \u00dcbertragung vertraulicher Inhalte, wie zum&nbsp;Beispiel Bestellungen oder Anfragen, die Sie an uns als Seitenbetreiber senden, eine SSL- bzw. TLSVerschl\u00fcsselung.&nbsp;Eine verschl\u00fcsselte Verbindung erkennen Sie daran, dass die Adresszeile des Browsers von&nbsp;\u201ehttp:\/\/\u201c auf \u201ehttps:\/\/\u201c wechselt und an dem Schloss-Symbol in Ihrer Browserzeile.&nbsp;Wenn die SSL- bzw. TLS-Verschl\u00fcsselung aktiviert ist, k\u00f6nnen die Daten, die Sie an uns \u00fcbermitteln, nicht&nbsp;von Dritten mitgelesen werden.<\/p>\n\n\n\n<p><strong>Google Maps<\/strong><\/p>\n\n\n\n<p>Diese Seite nutzt den Kartendienst Google Maps. Anbieter ist die Google Ireland Limited (\u201eGoogle\u201c), Gordon&nbsp;House, Barrow Street, Dublin 4, Irland.&nbsp;Zur Nutzung der Funktionen von Google Maps ist es notwendig, Ihre IP-Adresse zu speichern. Diese&nbsp;Informationen werden in der Regel an einen Server von Google in den USA \u00fcbertragen und dort gespeichert.&nbsp;Der Anbieter dieser Seite hat keinen Einfluss auf diese Daten\u00fcbertragung. Wenn Google Maps aktiviert ist,&nbsp;kann Google zum Zwecke der einheitlichen Darstellung der Schriftarten Google Fonts verwenden. Beim&nbsp;Aufruf von Google Maps l\u00e4dt Ihr Browser die ben\u00f6tigten Web Fonts in ihren Browsercache, um Texte und&nbsp;Schriftarten korrekt anzuzeigen.&nbsp;Die Nutzung von Google Maps erfolgt im Interesse einer ansprechenden Darstellung unserer Online-&nbsp;Angebote und an einer leichten Auffindbarkeit der von uns auf der Website angegebenen Orte. Dies stellt&nbsp;ein berechtigtes Interesse im Sinne von Art. 6 Abs. 1 lit. f DSGVO dar. Sofern eine entsprechende&nbsp;Einwilligung abgefragt wurde, erfolgt die Verarbeitung ausschlie\u00dflich auf Grundlage von Art. 6 Abs. 1 lit. a&nbsp;DSGVO und \u00a7 25 Abs. 1 TTDSG, soweit die Einwilligung die Speicherung von Cookies oder den Zugriff auf&nbsp;Informationen im Endger\u00e4t des Nutzers (z. B. Device-Fingerprinting) im Sinne des TTDSG umfasst. Die&nbsp;Einwilligung ist jederzeit widerrufbar.&nbsp;Die Daten\u00fcbertragung in die USA wird auf die Standardvertragsklauseln der EU-Kommission gest\u00fctzt.<\/p>\n\n\n\n<p><strong>Details finden Sie hier:<\/strong><\/p>\n\n\n\n<p><a href=\"https:\/\/privacy.google.com\/businesses\/gdprcontrollerterms\/\">https:\/\/privacy.google.com\/businesses\/gdprcontrollerterms\/<\/a>&nbsp;und<\/p>\n\n\n\n<p><a href=\"https:\/\/privacy.google.com\/businesses\/gdprcontrollerterms\/sccs\/.\">https:\/\/privacy.google.com\/businesses\/gdprcontrollerterms\/sccs\/.<\/a><\/p>\n\n\n\n<p>Mehr Informationen zum Umgang mit Nutzerdaten finden Sie in der Datenschutzerkl\u00e4rung von Google:<\/p>\n\n\n\n<p><a href=\"https:\/\/policies.google.com\/privacy?hl=de.\">https:\/\/policies.google.com\/privacy?hl=de.<\/a><\/p>\n\n\n\n<h4>Widerspruchsrecht<\/h4>\n\n\n\n<p>Nutzer dieser Webseite k\u00f6nnen von ihrem\nWiderspruchsrecht Gebrauch machen und der Verarbeitung ihrer personenbezogenen\nDaten zu jeder Zeit widersprechen. <\/p>\n\n\n\n<p>Wenn Sie eine Berichtigung, Sperrung, L\u00f6schung oder Auskunft \u00fcber die zu Ihrer Person gespeicherten personenbezogenen Daten w\u00fcnschen oder Fragen bzgl. der Erhebung, Verarbeitung oder Verwendung Ihrer personenbezogenen Daten haben oder erteilte Einwilligungen widerrufen m\u00f6chten, wenden Sie sich bitte an folgende E-Mail-Adresse: atspirit@web.de<\/p>\n","protected":false},"excerpt":{"rendered":"<p>Grundlegendes Diese Datenschutzerkl\u00e4rung soll die Nutzer dieser Website \u00fcber die Art, den Umfang und den Zweck der Erhebung und Verwendung personenbezogener Daten durch den Websitebetreiber&hellip;<\/p>\n","protected":false},"author":1,"featured_media":0,"parent":0,"menu_order":0,"comment_status":"closed","ping_status":"closed","template":"","meta":[],"_links":{"self":[{"href":"https:\/\/www.alfred-tretner.de\/index.php?rest_route=\/wp\/v2\/pages\/1077"}],"collection":[{"href":"https:\/\/www.alfred-tretner.de\/index.php?rest_route=\/wp\/v2\/pages"}],"about":[{"href":"https:\/\/www.alfred-tretner.de\/index.php?rest_route=\/wp\/v2\/types\/page"}],"author":[{"embeddable":true,"href":"https:\/\/www.alfred-tretner.de\/index.php?rest_route=\/wp\/v2\/users\/1"}],"replies":[{"embeddable":true,"href":"https:\/\/www.alfred-tretner.de\/index.php?rest_route=%2Fwp%2Fv2%2Fcomments&post=1077"}],"version-history":[{"count":3,"href":"https:\/\/www.alfred-tretner.de\/index.php?rest_route=\/wp\/v2\/pages\/1077\/revisions"}],"predecessor-version":[{"id":1171,"href":"https:\/\/www.alfred-tretner.de\/index.php?rest_route=\/wp\/v2\/pages\/1077\/revisions\/1171"}],"wp:attachment":[{"href":"https:\/\/www.alfred-tretner.de\/index.php?rest_route=%2Fwp%2Fv2%2Fmedia&parent=1077"}],"curies":[{"name":"wp","href":"https:\/\/api.w.org\/{rel}","templated":true}]}}